{"id":14,"date":"2021-04-12T14:39:21","date_gmt":"2021-04-12T12:39:21","guid":{"rendered":"http:\/\/upturn.site\/pl\/?page_id=14"},"modified":"2024-03-25T14:35:31","modified_gmt":"2024-03-25T12:35:31","slug":"projekt","status":"publish","type":"page","link":"https:\/\/upturn.site\/pl\/projekt\/","title":{"rendered":"Projekt"},"content":{"rendered":"\n<p id=\"tytul-projektu-microfluidic-cells-for-high-throughput-multiple-response-analyses\"><strong>Tytu\u0142 projektu:<\/strong> &#8222;Microfluidic cells for high-throughput multiple response analyses&#8221; (&#8222;Elektrochemiczne cele mikroprzep\u0142ywowe do wysokoprzepustowej i wieloparametrycznej analizy&#8221;)<\/p>\n\n\n\n<p><strong>Akronim: <\/strong>UPTURN<\/p>\n\n\n\n<p><strong>Streszczenie projektu:<\/strong><\/p>\n\n\n\n<p>Celem projektu jest opracowanie pierwszego w swoim rodzaju, wieloparametrycznego oprzyrz\u0105dowania integruj\u0105cego mikroprzep\u0142ywowe ogniwa elektrochemiczne i zaawansowane materia\u0142y mikroelektrodowe, kompatybilne z innymi technologiami analiz in situ takimi jak UV-Vis, FTIR\/IR, Raman, NMR i ultraszybka spektroskopia laserowa.<\/p>\n\n\n\n<p>G\u0142\u00f3wn\u0105 wizj\u0105 jest opracowanie pot\u0119\u017cnego, ale elastycznego narz\u0119dzia badawczego, kt\u00f3re jest otwarte na dostosowanie wszystkich jego komponent\u00f3w, warunk\u00f3w eksperymentalnych i dalszych analiz przez u\u017cytkownik\u00f3w. Przewidujemy, \u017ce takie narz\u0119dzia zrewolucjonizuj\u0105 analiz\u0119 laboratoryjn\u0105 w przysz\u0142o\u015bci.<\/p>\n\n\n<div class=\"wp-block-image\">\n<figure class=\"aligncenter size-large is-resized\"><img loading=\"lazy\" decoding=\"async\" width=\"1024\" height=\"440\" src=\"https:\/\/upturn.site\/pl\/wp-content\/uploads\/2021\/04\/image-1024x440.png\" alt=\"\" class=\"wp-image-128\" style=\"width:768px;height:330px\" srcset=\"https:\/\/upturn.site\/pl\/wp-content\/uploads\/2021\/04\/image-1024x440.png 1024w, https:\/\/upturn.site\/pl\/wp-content\/uploads\/2021\/04\/image-300x129.png 300w, https:\/\/upturn.site\/pl\/wp-content\/uploads\/2021\/04\/image-768x330.png 768w, https:\/\/upturn.site\/pl\/wp-content\/uploads\/2021\/04\/image.png 1293w\" sizes=\"(max-width: 1024px) 100vw, 1024px\" \/><\/figure><\/div>\n\n\n<p>Do realizacji projektu powo\u0142ano now\u0105, interdyscyplinarn\u0105, mi\u0119dzynarodow\u0105 grup\u0119 badawcz\u0105. Grupa ta opiera si\u0119 na konsorcjum oddzia\u0142u firmy redox.me (Polska), Instytutu Chemii Fizycznej PAN (Polska), Politechniki Gda\u0144skiej (Polska) i SINTEF (Norwegia).<\/p>\n\n\n\n<p>Projekt zapewnia doskona\u0142e \u015brodowisko szkolenia i kszta\u0142cenia m\u0142odych naukowc\u00f3w, oraz platform\u0119 do zdobywania do\u015bwiadczenia na wczesnym etapie kariery w multidyscyplinarnym, innowacyjnym \u015brodowisku bada\u0144 przemys\u0142owych.<\/p>\n\n\n\n<hr class=\"wp-block-separator has-css-opacity is-style-default\"\/>\n\n\n\n<p><strong>Zadania:<\/strong><\/p>\n\n\n\n<figure class=\"wp-block-table is-style-stripes\"><table><thead><tr><th>Nr       <\/th><th>Tytu\u0142<\/th><th>Lider<\/th><\/tr><\/thead><tbody><tr><td>1<\/td><td>Microfluidic cells<\/td><td>Elizaveta Vereshchagina Ph.D.<\/td><\/tr><tr><td>2<\/td><td>Development and testing of electrode materials<\/td><td>Prof. Robert Bogdanowicz, PhD, DSc EE<\/td><\/tr><tr><td>3<\/td><td>Readout platform<\/td><td>Pawe\u0142 Jerzy W\u00f3jcik Ph.D.<\/td><\/tr><tr><td>4<\/td><td>System integration<\/td><td>Pawe\u0142 Jerzy W\u00f3jcik Ph.D.<\/td><\/tr><tr><td>5<\/td><td>Demonstrator 1<\/td><td>Martin J\u00f6nsson-Niedziolka Associate professor, dr hab.<\/td><\/tr><tr><td>6<\/td><td>Demonstrator 2<\/td><td>Prof. Robert Bogdanowicz, PhD, DSc EE<\/td><\/tr><\/tbody><\/table><\/figure>\n\n\n\n<hr class=\"wp-block-separator has-css-opacity is-style-default\"\/>\n\n\n\n<p>Projekt UPTURN realizowany jest w ramach Norweskich Mechanizm\u00f3w Finansowych 2014 &#8211; 2021, za po\u015brednictwem Narodowego Centrum Bada\u0144 i Rozwoju, na podstawie umowy nr: NOR\/POLNOR\/UPTURN\/0060\/2019.<\/p>\n\n\n\n<p>Bud\u017cet projektu: <strong>PLN 6 845 399,85<\/strong><br>Dofinansowanie: <strong>PLN 6 330 999,88<\/strong><\/p>\n\n\n\n<div class=\"wp-block-columns is-layout-flex wp-container-core-columns-is-layout-1 wp-block-columns-is-layout-flex\">\n<div class=\"wp-block-column is-vertically-aligned-center is-layout-flow wp-block-column-is-layout-flow\" style=\"flex-basis:33.33%\">\n<figure class=\"wp-block-image size-large\"><img loading=\"lazy\" decoding=\"async\" width=\"1024\" height=\"341\" src=\"https:\/\/upturn.site\/pl\/wp-content\/uploads\/2021\/04\/znaki_strona_www-1024x341.png\" alt=\"\" class=\"wp-image-81\" srcset=\"https:\/\/upturn.site\/pl\/wp-content\/uploads\/2021\/04\/znaki_strona_www-1024x341.png 1024w, https:\/\/upturn.site\/pl\/wp-content\/uploads\/2021\/04\/znaki_strona_www-300x100.png 300w, https:\/\/upturn.site\/pl\/wp-content\/uploads\/2021\/04\/znaki_strona_www-768x256.png 768w, https:\/\/upturn.site\/pl\/wp-content\/uploads\/2021\/04\/znaki_strona_www-1536x511.png 1536w, https:\/\/upturn.site\/pl\/wp-content\/uploads\/2021\/04\/znaki_strona_www.png 1751w\" sizes=\"(max-width: 1024px) 100vw, 1024px\" \/><\/figure>\n<\/div>\n\n\n\n<div class=\"wp-block-column is-vertically-aligned-center is-layout-flow wp-block-column-is-layout-flow\" style=\"flex-basis:66.66%\">\n<p>Dofinansowanie z bud\u017cetu pa\u0144stwa w ramach Programu \u201eBadania stosowane\u201d wynosi <strong>949 649,98 z\u0142<\/strong> (15%).<\/p>\n<\/div>\n<\/div>\n\n\n\n<hr class=\"wp-block-separator has-css-opacity is-style-default\"\/>\n\n\n\n<p><strong>Lider mi\u0119dzynarodowego konsorcjum:<br><\/strong>redoxme AB sp. z o.o. Oddzia\u0142 w Polsce<\/p>\n\n\n\n<p><strong>Podmioty konsorcjum:<br><\/strong>redoxme AB sp. z o.o. Oddzia\u0142 w Polsce<br>Microsystems and Nanotechnology Department (MiNaLab), SINTEF AS<br>Wydzia\u0142 Elektroniki, Telekomunikacji i Informatyki Politechniki Gda\u0144skiej<br>Instytut Chemii Fizycznej Polskiej Akademii Nauk<\/p>\n\n\n\n<p><strong>Okres realizacji projektu:<br><\/strong>01.11.2020 \u2013 30.04.2024<\/p>\n\n\n\n<p><\/p>\n","protected":false},"excerpt":{"rendered":"<p>Tytu\u0142 projektu: &#8222;Microfluidic cells for high-throughput multiple response analyses&#8221; (&#8222;Elektrochemiczne cele mikroprzep\u0142ywowe do wysokoprzepustowej i wieloparametrycznej analizy&#8221;) Akronim: UPTURN Streszczenie projektu: Celem projektu jest opracowanie pierwszego w swoim rodzaju, wieloparametrycznego oprzyrz\u0105dowania integruj\u0105cego mikroprzep\u0142ywowe ogniwa elektrochemiczne i zaawansowane materia\u0142y mikroelektrodowe, kompatybilne z innymi technologiami analiz in situ takimi jak UV-Vis, FTIR\/IR, Raman, NMR i ultraszybka spektroskopia&#8230;<\/p>\n","protected":false},"author":1,"featured_media":0,"parent":0,"menu_order":0,"comment_status":"closed","ping_status":"closed","template":"","meta":{"_kad_post_transparent":"","_kad_post_title":"","_kad_post_layout":"","_kad_post_sidebar_id":"","_kad_post_content_style":"","_kad_post_vertical_padding":"","_kad_post_feature":"","_kad_post_feature_position":"","_kad_post_header":false,"_kad_post_footer":false,"footnotes":""},"_links":{"self":[{"href":"https:\/\/upturn.site\/pl\/wp-json\/wp\/v2\/pages\/14"}],"collection":[{"href":"https:\/\/upturn.site\/pl\/wp-json\/wp\/v2\/pages"}],"about":[{"href":"https:\/\/upturn.site\/pl\/wp-json\/wp\/v2\/types\/page"}],"author":[{"embeddable":true,"href":"https:\/\/upturn.site\/pl\/wp-json\/wp\/v2\/users\/1"}],"replies":[{"embeddable":true,"href":"https:\/\/upturn.site\/pl\/wp-json\/wp\/v2\/comments?post=14"}],"version-history":[{"count":31,"href":"https:\/\/upturn.site\/pl\/wp-json\/wp\/v2\/pages\/14\/revisions"}],"predecessor-version":[{"id":642,"href":"https:\/\/upturn.site\/pl\/wp-json\/wp\/v2\/pages\/14\/revisions\/642"}],"wp:attachment":[{"href":"https:\/\/upturn.site\/pl\/wp-json\/wp\/v2\/media?parent=14"}],"curies":[{"name":"wp","href":"https:\/\/api.w.org\/{rel}","templated":true}]}}