{"id":16,"date":"2021-04-09T11:24:41","date_gmt":"2021-04-09T09:24:41","guid":{"rendered":"http:\/\/upturn.site\/pl\/?page_id=16"},"modified":"2023-11-29T12:57:58","modified_gmt":"2023-11-29T10:57:58","slug":"konsorcjum","status":"publish","type":"page","link":"https:\/\/upturn.site\/pl\/konsorcjum\/","title":{"rendered":"Konsorcjum"},"content":{"rendered":"\n<p>Multidyscyplinarny zesp\u00f3\u0142 m\u0142odych badaczy w dziedzinach mikro- i nanoprodukcji, zaawansowanych nanomateria\u0142\u00f3w, elektrochemii, integracji system\u00f3w i projektowania sprz\u0119tu, wsp\u00f3lnie pracuje nad nowatorskim podej\u015bciem do elektrochemii stosowanej i prze\u0142o\u017ceniem go na nowe zastosowania komercyjne. Polskie kompetencje reprezentuj\u0105:<\/p>\n\n\n\n<ul>\n<li><strong>redoxme AB<\/strong> &#8211; krakowski oddzia\u0142 firmy specjalizuj\u0105cej si\u0119 w monta\u017cu wielozadaniowego oprzyrz\u0105dowania elektrochemicznego,<\/li>\n\n\n\n<li><strong>Politechnika Gda\u0144ska<\/strong> &#8211; akademicka grupa zajmuj\u0105ca si\u0119 opracowywaniem zaawansowanych materia\u0142\u00f3w funkcjonalnych,<\/li>\n\n\n\n<li><strong>IChF PAN<\/strong> &#8211; akademicka grupa specjalizuj\u0105ca si\u0119 w elektrochemii, badaniach materia\u0142owych i mikroprzep\u0142ywach.<\/li>\n<\/ul>\n\n\n\n<p>Norwesk\u0105 cz\u0119\u015b\u0107 konsorcjum reprezentuje <strong>SINTEF MiNaLab<\/strong>, zapewniaj\u0105c solidne podstawy w zakresie mikro- i nanotechnologii oraz zaawansowanych nauk materia\u0142owych.<\/p>\n\n\n\n<hr class=\"wp-block-separator has-css-opacity\"\/>\n\n\n\n<div class=\"wp-block-columns is-layout-flex wp-container-core-columns-is-layout-1 wp-block-columns-is-layout-flex\">\n<div class=\"wp-block-column is-vertically-aligned-center is-layout-flow wp-block-column-is-layout-flow\" style=\"flex-basis:33.33%\"><div class=\"wp-block-image\">\n<figure class=\"aligncenter size-medium\"><img loading=\"lazy\" decoding=\"async\" width=\"300\" height=\"58\" src=\"https:\/\/upturn.site\/pl\/wp-content\/uploads\/2021\/04\/redoxme-2000-x-389-300x58.png\" alt=\"logo redoxme\" class=\"wp-image-24\" srcset=\"https:\/\/upturn.site\/pl\/wp-content\/uploads\/2021\/04\/redoxme-2000-x-389-300x58.png 300w, https:\/\/upturn.site\/pl\/wp-content\/uploads\/2021\/04\/redoxme-2000-x-389-1024x199.png 1024w, https:\/\/upturn.site\/pl\/wp-content\/uploads\/2021\/04\/redoxme-2000-x-389-768x149.png 768w, https:\/\/upturn.site\/pl\/wp-content\/uploads\/2021\/04\/redoxme-2000-x-389-1536x299.png 1536w, https:\/\/upturn.site\/pl\/wp-content\/uploads\/2021\/04\/redoxme-2000-x-389-1200x233.png 1200w, https:\/\/upturn.site\/pl\/wp-content\/uploads\/2021\/04\/redoxme-2000-x-389-1980x385.png 1980w, https:\/\/upturn.site\/pl\/wp-content\/uploads\/2021\/04\/redoxme-2000-x-389.png 2000w\" sizes=\"(max-width: 300px) 100vw, 300px\" \/><\/figure><\/div><\/div>\n\n\n\n<div class=\"wp-block-column is-vertically-aligned-center is-layout-flow wp-block-column-is-layout-flow\" style=\"flex-basis:66.66%\">\n<p><\/p>\n\n\n\n<p>Wi\u0119cej informacji na stronie internetowej <a href=\"https:\/\/redox.me\/pages\/about-us\" target=\"_blank\" rel=\"noreferrer noopener\">redoxme AB<\/a>.<\/p>\n<\/div>\n<\/div>\n\n\n\n<div class=\"wp-block-columns is-layout-flex wp-container-core-columns-is-layout-2 wp-block-columns-is-layout-flex\">\n<div class=\"wp-block-column is-vertically-aligned-center is-layout-flow wp-block-column-is-layout-flow\" style=\"flex-basis:33.33%\"><div class=\"wp-block-image\">\n<figure class=\"aligncenter size-medium\"><img loading=\"lazy\" decoding=\"async\" width=\"300\" height=\"73\" src=\"https:\/\/upturn.site\/pl\/wp-content\/uploads\/2021\/04\/SINTEF_logo-JPG-blue-RGB-300x73.jpg\" alt=\"SINTEF_logo\" class=\"wp-image-25\" srcset=\"https:\/\/upturn.site\/pl\/wp-content\/uploads\/2021\/04\/SINTEF_logo-JPG-blue-RGB-300x73.jpg 300w, https:\/\/upturn.site\/pl\/wp-content\/uploads\/2021\/04\/SINTEF_logo-JPG-blue-RGB-1024x250.jpg 1024w, https:\/\/upturn.site\/pl\/wp-content\/uploads\/2021\/04\/SINTEF_logo-JPG-blue-RGB-768x187.jpg 768w, https:\/\/upturn.site\/pl\/wp-content\/uploads\/2021\/04\/SINTEF_logo-JPG-blue-RGB-1536x374.jpg 1536w, https:\/\/upturn.site\/pl\/wp-content\/uploads\/2021\/04\/SINTEF_logo-JPG-blue-RGB-1200x292.jpg 1200w, https:\/\/upturn.site\/pl\/wp-content\/uploads\/2021\/04\/SINTEF_logo-JPG-blue-RGB.jpg 1748w\" sizes=\"(max-width: 300px) 100vw, 300px\" \/><\/figure><\/div><\/div>\n\n\n\n<div class=\"wp-block-column is-vertically-aligned-center is-layout-flow wp-block-column-is-layout-flow\" style=\"flex-basis:66.66%\">\n<p><\/p>\n\n\n\n<p>Wi\u0119cej informacji na stronie internetowej <a rel=\"noreferrer noopener\" href=\"https:\/\/www.sintef.no\/en\/all-laboratories\/minalab\/\" target=\"_blank\">MiNaLab &#8211; SINTEF<\/a>.<\/p>\n<\/div>\n<\/div>\n\n\n\n<div class=\"wp-block-columns is-layout-flex wp-container-core-columns-is-layout-3 wp-block-columns-is-layout-flex\">\n<div class=\"wp-block-column is-vertically-aligned-center is-layout-flow wp-block-column-is-layout-flow\" style=\"flex-basis:33.33%\"><div class=\"wp-block-image\">\n<figure class=\"aligncenter size-large\"><img loading=\"lazy\" decoding=\"async\" width=\"1024\" height=\"341\" src=\"https:\/\/upturn.site\/pl\/wp-content\/uploads\/2022\/02\/pg_poziome_logo_kolor-e1645169725618-1024x341.png\" alt=\"\" class=\"wp-image-380\" srcset=\"https:\/\/upturn.site\/pl\/wp-content\/uploads\/2022\/02\/pg_poziome_logo_kolor-e1645169725618-1024x341.png 1024w, https:\/\/upturn.site\/pl\/wp-content\/uploads\/2022\/02\/pg_poziome_logo_kolor-e1645169725618-300x100.png 300w, https:\/\/upturn.site\/pl\/wp-content\/uploads\/2022\/02\/pg_poziome_logo_kolor-e1645169725618-768x256.png 768w, https:\/\/upturn.site\/pl\/wp-content\/uploads\/2022\/02\/pg_poziome_logo_kolor-e1645169725618-1536x512.png 1536w, https:\/\/upturn.site\/pl\/wp-content\/uploads\/2022\/02\/pg_poziome_logo_kolor-e1645169725618.png 1651w\" sizes=\"(max-width: 1024px) 100vw, 1024px\" \/><\/figure><\/div><\/div>\n\n\n\n<div class=\"wp-block-column is-vertically-aligned-center is-layout-flow wp-block-column-is-layout-flow\" style=\"flex-basis:66.66%\">\n<p><\/p>\n\n\n\n<p>Wi\u0119cej informacji na stronie internetowej <a rel=\"noreferrer noopener\" href=\"http:\/\/Wi\u0119cej informacji na stronie internetowej Katedry Metrologii i Optoelektroniki Politechniki Gda\u0144skiej.: https:\/\/eti.pg.edu.pl\/katedra-metrologii-i-optoelektroniki\" target=\"_blank\">Katedry Metrologii i Optoelektroniki Politechniki Gda\u0144skiej<\/a>.<\/p>\n<\/div>\n<\/div>\n\n\n\n<div class=\"wp-block-columns is-layout-flex wp-container-core-columns-is-layout-4 wp-block-columns-is-layout-flex\">\n<div class=\"wp-block-column is-vertically-aligned-center is-layout-flow wp-block-column-is-layout-flow\" style=\"flex-basis:33.33%\"><div class=\"wp-block-image\">\n<figure class=\"aligncenter size-large\"><img loading=\"lazy\" decoding=\"async\" width=\"1024\" height=\"320\" src=\"https:\/\/upturn.site\/pl\/wp-content\/uploads\/2022\/02\/ICHF_LOGO_CMYK_PL-1024x320.png\" alt=\"ICHF_LOGO_PL\" class=\"wp-image-377\" srcset=\"https:\/\/upturn.site\/pl\/wp-content\/uploads\/2022\/02\/ICHF_LOGO_CMYK_PL-1024x320.png 1024w, https:\/\/upturn.site\/pl\/wp-content\/uploads\/2022\/02\/ICHF_LOGO_CMYK_PL-300x94.png 300w, https:\/\/upturn.site\/pl\/wp-content\/uploads\/2022\/02\/ICHF_LOGO_CMYK_PL-768x240.png 768w, https:\/\/upturn.site\/pl\/wp-content\/uploads\/2022\/02\/ICHF_LOGO_CMYK_PL-1536x480.png 1536w, https:\/\/upturn.site\/pl\/wp-content\/uploads\/2022\/02\/ICHF_LOGO_CMYK_PL-2048x640.png 2048w\" sizes=\"(max-width: 1024px) 100vw, 1024px\" \/><\/figure><\/div><\/div>\n\n\n\n<div class=\"wp-block-column is-vertically-aligned-center is-layout-flow wp-block-column-is-layout-flow\" style=\"flex-basis:66.66%\">\n<p><\/p>\n\n\n\n<p>Wi\u0119cej informacji na stronie internetowej <a href=\"https:\/\/ichf.edu.pl\/\" target=\"_blank\" rel=\"noreferrer noopener\">Instytutu Chemii Fizycznej PAN<\/a>.<\/p>\n<\/div>\n<\/div>\n","protected":false},"excerpt":{"rendered":"<p>Multidyscyplinarny zesp\u00f3\u0142 m\u0142odych badaczy w dziedzinach mikro- i nanoprodukcji, zaawansowanych nanomateria\u0142\u00f3w, elektrochemii, integracji system\u00f3w i projektowania sprz\u0119tu, wsp\u00f3lnie pracuje nad nowatorskim podej\u015bciem do elektrochemii stosowanej i prze\u0142o\u017ceniem go na nowe zastosowania komercyjne. Polskie kompetencje reprezentuj\u0105: Norwesk\u0105 cz\u0119\u015b\u0107 konsorcjum reprezentuje SINTEF MiNaLab, zapewniaj\u0105c solidne podstawy w zakresie mikro- i nanotechnologii oraz zaawansowanych nauk materia\u0142owych. Wi\u0119cej informacji&#8230;<\/p>\n","protected":false},"author":1,"featured_media":0,"parent":0,"menu_order":0,"comment_status":"closed","ping_status":"closed","template":"","meta":{"_kad_post_transparent":"","_kad_post_title":"","_kad_post_layout":"","_kad_post_sidebar_id":"","_kad_post_content_style":"","_kad_post_vertical_padding":"","_kad_post_feature":"","_kad_post_feature_position":"","_kad_post_header":false,"_kad_post_footer":false,"footnotes":""},"_links":{"self":[{"href":"https:\/\/upturn.site\/pl\/wp-json\/wp\/v2\/pages\/16"}],"collection":[{"href":"https:\/\/upturn.site\/pl\/wp-json\/wp\/v2\/pages"}],"about":[{"href":"https:\/\/upturn.site\/pl\/wp-json\/wp\/v2\/types\/page"}],"author":[{"embeddable":true,"href":"https:\/\/upturn.site\/pl\/wp-json\/wp\/v2\/users\/1"}],"replies":[{"embeddable":true,"href":"https:\/\/upturn.site\/pl\/wp-json\/wp\/v2\/comments?post=16"}],"version-history":[{"count":34,"href":"https:\/\/upturn.site\/pl\/wp-json\/wp\/v2\/pages\/16\/revisions"}],"predecessor-version":[{"id":600,"href":"https:\/\/upturn.site\/pl\/wp-json\/wp\/v2\/pages\/16\/revisions\/600"}],"wp:attachment":[{"href":"https:\/\/upturn.site\/pl\/wp-json\/wp\/v2\/media?parent=16"}],"curies":[{"name":"wp","href":"https:\/\/api.w.org\/{rel}","templated":true}]}}