{"id":285,"date":"2021-06-16T14:03:06","date_gmt":"2021-06-16T12:03:06","guid":{"rendered":"http:\/\/upturn.site\/pl\/?page_id=285"},"modified":"2024-03-25T14:05:09","modified_gmt":"2024-03-25T12:05:09","slug":"publications","status":"publish","type":"page","link":"https:\/\/upturn.site\/pl\/publications\/","title":{"rendered":"Publikacje"},"content":{"rendered":"\n<div class=\"wp-block-group\"><div class=\"wp-block-group__inner-container is-layout-constrained wp-block-group-is-layout-constrained\">\n<p><strong>A Study of the Long-Term Electrochemical Stability of Thin-Film Titanium\u2013Platinum Microelectrodes and Their Comparison to Classic, Wire-Based Platinum Microelectrodes in Selected Inorganic Electrolytes<br><\/strong>Szklarz, Z., Ko\u0142czyk-Siedlecka, K.,Vereshchagina, E., Herbj\u00f8rnr\u00f8d, A., Wittendorp, P., Jain, S., Wojcik, P.J.<br><em>Materials\u00a02024,\u00a017(6), 1352<\/em> <a href=\"https:\/\/doi.org\/10.3390\/ma17061352\">Pe\u0142na tre\u015b\u0107<\/a><\/p>\n\n\n\n<hr class=\"wp-block-separator has-alpha-channel-opacity\"\/>\n<\/div><\/div>\n\n\n\n<div class=\"wp-block-group\"><div class=\"wp-block-group__inner-container is-layout-constrained wp-block-group-is-layout-constrained\">\n<p><strong>Integration of Thin Film Electrodes for Microfluidic Electrochemical Cells<\/strong>.<strong><br><\/strong>Vereshchagina, E., Kolczyk-Siedlecka, K., Szklarz, Z., Wittendorp, P., Herbj\u00f8rnr\u00f8d, A., Sordo, G., Moe, S., Jain, S., Summanwar, A., Hoang, C.H.D., Wojcik, P.J.<br><em>2023 IEEE SENSORS, 29 October 2023 \u2013 01 November 2023, Vienna, Austria<\/em> <a href=\"https:\/\/doi.org\/10.1109\/SENSORS56945.2023.10325252\">Pe\u0142na tre\u015b\u0107<\/a><\/p>\n\n\n\n<hr class=\"wp-block-separator has-alpha-channel-opacity\"\/>\n<\/div><\/div>\n\n\n\n<div class=\"wp-block-group\"><div class=\"wp-block-group__inner-container is-layout-constrained wp-block-group-is-layout-constrained\">\n<p><strong>Point-of-care testing for C-reactive protein in a sequential microfluidic device<\/strong>.<strong><br><\/strong>Boonkaew, S., Szot-Karpi\u0144ska, K., Niedzi\u00f3\u0142ka-J\u00f6nsson, J., Pa\u0142ys, B., J\u00f6nsson-Niedzi\u00f3\u0142ka, M.<br><em>Sensors and Actuators B: Chemical \u2013 Volume 397, 134659<\/em> <a href=\"https:\/\/doi.org\/10.1016\/j.snb.2023.134659\">Pe\u0142na tre\u015b\u0107<\/a><\/p>\n\n\n\n<hr class=\"wp-block-separator has-alpha-channel-opacity\"\/>\n<\/div><\/div>\n\n\n\n<div class=\"wp-block-group\"><div class=\"wp-block-group__inner-container is-layout-constrained wp-block-group-is-layout-constrained\">\n<p><strong>Boron-doped diamond nanosheet volume-enriched screen-printed carbon electrodes: a platform for electroanalytical and impedimetric biosensor applications<\/strong>.<strong><br><\/strong>Ficek, M., Cie\u015blik, M., Janik, M., Brodowski, M., Sawczak, M., Bogdanowicz, M., Ryl, J.<br><em><em>Microchimica Acta (2023) 190:410<\/em><\/em> <a href=\"https:\/\/doi.org\/10.1007\/s00604-023-05991-w\">Pe\u0142na tre\u015b\u0107<\/a><\/p>\n\n\n\n<hr class=\"wp-block-separator has-alpha-channel-opacity\"\/>\n<\/div><\/div>\n\n\n\n<div class=\"wp-block-group\"><div class=\"wp-block-group__inner-container is-layout-constrained wp-block-group-is-layout-constrained\">\n<p><strong>Fabrication of ITO microelectrodes and electrode arrays using a low-cost CO<sub>2<\/sub> laser plotter.<br><\/strong>Kappalakandy Valapil K. , Filipiak M. S., Rekiel W., Jarosi\u0144ska E., Nogala W., J\u00f6nsson-Niedzi\u00f3\u0142ka M., Witkowska Nery E.<br><em>Lab on a Chip, 2023, Advance Article<\/em> <a href=\"https:\/\/doi.org\/10.1039\/D3LC00266G\">Pe\u0142na tre\u015b\u0107<\/a><\/p>\n\n\n\n<hr class=\"wp-block-separator has-alpha-channel-opacity\"\/>\n<\/div><\/div>\n\n\n\n<div class=\"wp-block-group\"><div class=\"wp-block-group__inner-container is-layout-constrained wp-block-group-is-layout-constrained\">\n<p><strong>Electrochemical determination of neurotransmitter serotonin using boron\/nitrogen co-doped diamond-graphene nanowall-structured particles.<br><\/strong>Boonkaew, S., Dettlaff, A., Sobaszek, M., Bogdanowicz, R., J\u00f6nsson-Niedzi\u00f3\u0142ka, M.<br><em>The Journal of Electroanalytical Chemistry, Volume 926,&nbsp;1 December 2022, 116938&nbsp;<\/em><a href=\"https:\/\/doi.org\/10.1016\/j.jelechem.2022.116938\">Pe\u0142na tre\u015b\u0107<\/a><\/p>\n\n\n\n<hr class=\"wp-block-separator has-alpha-channel-opacity\"\/>\n<\/div><\/div>\n\n\n\n<div class=\"wp-block-group\"><div class=\"wp-block-group__inner-container is-layout-constrained wp-block-group-is-layout-constrained\">\n<p><strong>Hopping or Tunneling? Tailoring the Electron Transport Mechanisms through Hydrogen Bonding Geometry in the Boron-Doped Diamond Molecular Junctions.<br><\/strong>Olejnik, A., Dec, B., Goddard, W.A.III, Bogdanowicz, R.<br><em>The Journal of Physical Chemistry Letters<\/em>,&nbsp;<em>2022, 13, 34, 7972\u20137979&nbsp;<\/em><a href=\"https:\/\/doi.org\/10.1021\/acs.jpclett.2c01679\">Pe\u0142na tre\u015b\u0107<\/a><\/p>\n\n\n\n<hr class=\"wp-block-separator has-alpha-channel-opacity\"\/>\n<\/div><\/div>\n\n\n\n<div class=\"wp-block-group\"><div class=\"wp-block-group__inner-container is-layout-constrained wp-block-group-is-layout-constrained\">\n<p><strong>Microfluidic devices for photo-and spectroelectrochemical applications.<\/strong><br>Bogdanowicz, R., J\u00f6nsson-Niedziolka, M., Vereshchagina, E., Dettlaff, A., Boonkaew, S., Pierpaoli, M., Wittendorp, P., Jain, S., Tyholdt, F., Thomas, J., Wojcik, P.J.<br><em>Current Opinion in Electrochemistry<\/em>,\u00a0<em>Available online 13 September 2022, 101138<\/em>\u00a0<a href=\"https:\/\/doi.org\/10.1016\/j.coelec.2022.101138\">Pe\u0142na tre\u015b\u0107<\/a><\/p>\n\n\n\n<hr class=\"wp-block-separator has-alpha-channel-opacity\"\/>\n<\/div><\/div>\n\n\n\n<div class=\"wp-block-group\"><div class=\"wp-block-group__inner-container is-layout-constrained wp-block-group-is-layout-constrained\">\n<p><strong>Boron-doped carbon nanowalls for fast and direct detection of cytochrome C and ricin by matrix-free laser desorption\/ionization mass spectrometry.<\/strong><br>Hosu, I.S., Sobaszek, M., Ficek, M. Bogdanowicz, R., Coffinier, Y.<br><em>Talanta, Volume 252, 15 January 2023, 123778<\/em>;&nbsp;<a href=\"https:\/\/doi.org\/10.1016\/j.talanta.2022.123778\">Pe\u0142na tre\u015b\u0107<\/a><\/p>\n\n\n\n<hr class=\"wp-block-separator has-alpha-channel-opacity\"\/>\n<\/div><\/div>\n\n\n\n<div class=\"wp-block-group\"><div class=\"wp-block-group__inner-container is-layout-constrained wp-block-group-is-layout-constrained\">\n<p><strong>Conductive printable electrodes tuned by boron-doped nanodiamond foil additives for nitroexplosive detection.<\/strong><br>Dettlaff, A., Rycewicz, M., Ficek, M., Wieloszy\u0144ska, A., Szala, M., Ryl, J., Bogdanowicz, R.<br><em>Microchimica Acta 189, 270 (2022)<\/em>;&nbsp;<a href=\"https:\/\/doi.org\/10.1007\/s00604-022-05371-w\">Pe\u0142na tre\u015b\u0107<\/a><\/p>\n\n\n\n<hr class=\"wp-block-separator has-alpha-channel-opacity\"\/>\n<\/div><\/div>\n\n\n\n<div class=\"wp-block-group\"><div class=\"wp-block-group__inner-container is-layout-constrained wp-block-group-is-layout-constrained\">\n<p><strong>Multi-pathway mechanism of polydopamine film formation at vertically aligned diamondised boron-doped carbon nanowalls.<\/strong><br>Olejnik, A., Ficek, M., Siuzdak, K., Bogdanowicz, R.<br><em>Electrochimica Acta (2022): 140000<\/em>;&nbsp;<a href=\"https:\/\/doi.org\/10.1016\/j.electacta.2022.140000\">Pe\u0142na tre\u015b\u0107<\/a><\/p>\n\n\n\n<hr class=\"wp-block-separator has-alpha-channel-opacity\"\/>\n<\/div><\/div>\n\n\n\n<div class=\"wp-block-group\"><div class=\"wp-block-group__inner-container is-layout-constrained wp-block-group-is-layout-constrained\">\n<p><strong>Development of novel (BiO) 2OHCl\/BiOBr enriched with boron doped-carbon nanowalls for photocatalytic cytostatic drug degradation: assessing photocatalytic process utilization in environmental condition.<\/strong><br>Wilczewska, P., Bielicka-Gie\u0142do\u0144, A., Ryl, J., Sobaszek, M., Sawczak, M., Bogdanowicz, R., Szczodroski, K., Malankowska A., Qi, F., Siedlecka, E.<br><em>Applied Surface Science&nbsp;(2022): 152664.<\/em>&nbsp;<a href=\"https:\/\/doi.org\/10.1016\/j.apsusc.2022.152664\">Pe\u0142na tre\u015b\u0107<\/a><\/p>\n\n\n\n<hr class=\"wp-block-separator has-alpha-channel-opacity\"\/>\n<\/div><\/div>\n\n\n\n<div class=\"wp-block-group\"><div class=\"wp-block-group__inner-container is-layout-constrained wp-block-group-is-layout-constrained\">\n<p><strong>Boron-Doped Diamond\/GaN Heterojunction\u2014The Influence of the Low-Temperature Deposition.<\/strong><br>Sobaszek, M., Gnyba M., Kulesza, S., Bramowicz, M., Klimczuk, T., Bogdanowicz, R.<br><em>Materials 14, no. 21 (2021): 6328.<\/em>&nbsp;<a href=\"https:\/\/www.mdpi.com\/1996-1944\/14\/21\/6328\">Pe\u0142na tre\u015b\u0107<\/a><\/p>\n\n\n\n<hr class=\"wp-block-separator has-alpha-channel-opacity\"\/>\n<\/div><\/div>\n\n\n\n<div class=\"wp-block-group\"><div class=\"wp-block-group__inner-container is-layout-constrained wp-block-group-is-layout-constrained\">\n<p><strong>The role of electrolysis and enzymatic hydrolysis treatment in the enhancement of the electrochemical properties of 3D-printed carbon black\/poly (lactic acid) structures.<\/strong><br>Koterwa, A., Kaczmarzyk, I., Mania S., Cie\u015blik, M., Tylingo R., Ossowski, T., Bogdanowicz, T., Niedzia\u0142kowski, P., Ryl, J.<br><em>Applied Surface Science (2021): 151587.<\/em>&nbsp;<a href=\"https:\/\/doi.org\/10.1016\/j.apsusc.2021.151587\">Pe\u0142na tre\u015b\u0107<\/a><\/p>\n\n\n\n<hr class=\"wp-block-separator has-alpha-channel-opacity\"\/>\n<\/div><\/div>\n","protected":false},"excerpt":{"rendered":"<p>A Study of the Long-Term Electrochemical Stability of Thin-Film Titanium\u2013Platinum Microelectrodes and Their Comparison to Classic, Wire-Based Platinum Microelectrodes in Selected Inorganic ElectrolytesSzklarz, Z., Ko\u0142czyk-Siedlecka, K.,Vereshchagina, E., Herbj\u00f8rnr\u00f8d, A., Wittendorp, P., Jain, S., Wojcik, P.J.Materials\u00a02024,\u00a017(6), 1352 Pe\u0142na tre\u015b\u0107 Integration of Thin Film Electrodes for Microfluidic Electrochemical Cells.Vereshchagina, E., Kolczyk-Siedlecka, K., Szklarz, Z., Wittendorp, P., Herbj\u00f8rnr\u00f8d,&#8230;<\/p>\n","protected":false},"author":1,"featured_media":0,"parent":0,"menu_order":0,"comment_status":"closed","ping_status":"closed","template":"","meta":{"_kad_post_transparent":"default","_kad_post_title":"","_kad_post_layout":"","_kad_post_sidebar_id":"","_kad_post_content_style":"","_kad_post_vertical_padding":"","_kad_post_feature":"","_kad_post_feature_position":"","_kad_post_header":false,"_kad_post_footer":false,"footnotes":""},"_links":{"self":[{"href":"https:\/\/upturn.site\/pl\/wp-json\/wp\/v2\/pages\/285"}],"collection":[{"href":"https:\/\/upturn.site\/pl\/wp-json\/wp\/v2\/pages"}],"about":[{"href":"https:\/\/upturn.site\/pl\/wp-json\/wp\/v2\/types\/page"}],"author":[{"embeddable":true,"href":"https:\/\/upturn.site\/pl\/wp-json\/wp\/v2\/users\/1"}],"replies":[{"embeddable":true,"href":"https:\/\/upturn.site\/pl\/wp-json\/wp\/v2\/comments?post=285"}],"version-history":[{"count":22,"href":"https:\/\/upturn.site\/pl\/wp-json\/wp\/v2\/pages\/285\/revisions"}],"predecessor-version":[{"id":637,"href":"https:\/\/upturn.site\/pl\/wp-json\/wp\/v2\/pages\/285\/revisions\/637"}],"wp:attachment":[{"href":"https:\/\/upturn.site\/pl\/wp-json\/wp\/v2\/media?parent=285"}],"curies":[{"name":"wp","href":"https:\/\/api.w.org\/{rel}","templated":true}]}}