{"id":39,"date":"2021-04-09T10:33:34","date_gmt":"2021-04-09T08:33:34","guid":{"rendered":"http:\/\/upturn.site\/pl\/?page_id=39"},"modified":"2023-11-29T13:04:39","modified_gmt":"2023-11-29T11:04:39","slug":"about","status":"publish","type":"page","link":"https:\/\/upturn.site\/pl\/","title":{"rendered":"UPTURN"},"content":{"rendered":"\n<h4 class=\"wp-block-heading has-text-align-center\">&#8222;Elektrochemiczne cele mikroprzep\u0142ywowe do wysokoprzepustowej i wieloparametrycznej analizy&#8221;<\/h4>\n\n\n\n<div style=\"height:30px\" aria-hidden=\"true\" class=\"wp-block-spacer\"><\/div>\n\n\n\n<p class=\"has-text-align-left\">Celem projektu UPTURN jest opracowanie pierwszego w swoim rodzaju, wieloparametrycznego oprzyrz\u0105dowania integruj\u0105cego mikroprzep\u0142ywowe ogniwa elektrochemiczne i zaawansowane materia\u0142y mikroelektrodowe kompatybilne z innymi technologiami analiz in situ, takimi jak UV-Vis, FTIR\/IR, Raman, NMR i ultraszybka spektroskopia laserowa.<br>G\u0142\u00f3wn\u0105 wizj\u0105 jest opracowanie pot\u0119\u017cnego, ale elastycznego narz\u0119dzia badawczego, kt\u00f3re jest otwarte na dostosowanie wszystkich jego komponent\u00f3w, warunk\u00f3w eksperymentalnych i dalszych analiz przez u\u017cytkownik\u00f3w. Przewidujemy, \u017ce takie narz\u0119dzia zrewolucjonizuj\u0105 analiz\u0119 laboratoryjn\u0105 w przysz\u0142o\u015bci.<\/p>\n\n\n\n<p>Rol\u0119 lidera projektu UPTURN pe\u0142ni redoxme AB Sp. z o.o. Oddzia\u0142 w Polsce.<\/p>\n\n\n\n<div class=\"wp-block-columns is-layout-flex wp-container-core-columns-is-layout-1 wp-block-columns-is-layout-flex\">\n<div class=\"wp-block-column is-layout-flow wp-block-column-is-layout-flow\"><div class=\"wp-block-image is-resized\">\n<figure class=\"aligncenter size-medium\"><img loading=\"lazy\" decoding=\"async\" width=\"300\" height=\"58\" src=\"https:\/\/upturn.site\/pl\/wp-content\/uploads\/2021\/04\/redoxme-2000-x-389-300x58.png\" alt=\"logo redoxme\" class=\"wp-image-24\" srcset=\"https:\/\/upturn.site\/pl\/wp-content\/uploads\/2021\/04\/redoxme-2000-x-389-300x58.png 300w, https:\/\/upturn.site\/pl\/wp-content\/uploads\/2021\/04\/redoxme-2000-x-389-1024x199.png 1024w, https:\/\/upturn.site\/pl\/wp-content\/uploads\/2021\/04\/redoxme-2000-x-389-768x149.png 768w, https:\/\/upturn.site\/pl\/wp-content\/uploads\/2021\/04\/redoxme-2000-x-389-1536x299.png 1536w, https:\/\/upturn.site\/pl\/wp-content\/uploads\/2021\/04\/redoxme-2000-x-389-1200x233.png 1200w, https:\/\/upturn.site\/pl\/wp-content\/uploads\/2021\/04\/redoxme-2000-x-389-1980x385.png 1980w, https:\/\/upturn.site\/pl\/wp-content\/uploads\/2021\/04\/redoxme-2000-x-389.png 2000w\" sizes=\"(max-width: 300px) 100vw, 300px\" \/><\/figure><\/div><\/div>\n<\/div>\n\n\n\n<p>Partnerami w projekcie s\u0105:<\/p>\n\n\n\n<div class=\"wp-block-columns is-layout-flex wp-container-core-columns-is-layout-2 wp-block-columns-is-layout-flex\">\n<div class=\"wp-block-column is-vertically-aligned-top is-layout-flow wp-block-column-is-layout-flow\"><div class=\"wp-block-image is-style-default\">\n<figure class=\"aligncenter size-medium\"><a href=\"https:\/\/www.sintef.no\/en\/all-laboratories\/minalab\/\"><img loading=\"lazy\" decoding=\"async\" width=\"300\" height=\"73\" src=\"https:\/\/upturn.site\/pl\/wp-content\/uploads\/2021\/04\/SINTEF_logo-JPG-blue-RGB-300x73.jpg\" alt=\"SINTEF_logo\" class=\"wp-image-25\" srcset=\"https:\/\/upturn.site\/pl\/wp-content\/uploads\/2021\/04\/SINTEF_logo-JPG-blue-RGB-300x73.jpg 300w, https:\/\/upturn.site\/pl\/wp-content\/uploads\/2021\/04\/SINTEF_logo-JPG-blue-RGB-1024x250.jpg 1024w, https:\/\/upturn.site\/pl\/wp-content\/uploads\/2021\/04\/SINTEF_logo-JPG-blue-RGB-768x187.jpg 768w, https:\/\/upturn.site\/pl\/wp-content\/uploads\/2021\/04\/SINTEF_logo-JPG-blue-RGB-1536x374.jpg 1536w, https:\/\/upturn.site\/pl\/wp-content\/uploads\/2021\/04\/SINTEF_logo-JPG-blue-RGB-1200x292.jpg 1200w, https:\/\/upturn.site\/pl\/wp-content\/uploads\/2021\/04\/SINTEF_logo-JPG-blue-RGB.jpg 1748w\" sizes=\"(max-width: 300px) 100vw, 300px\" \/><\/a><\/figure><\/div><\/div>\n\n\n\n<div class=\"wp-block-column is-vertically-aligned-center is-layout-flow wp-block-column-is-layout-flow\">\n<figure class=\"wp-block-image size-large\"><img loading=\"lazy\" decoding=\"async\" width=\"1024\" height=\"341\" src=\"https:\/\/upturn.site\/pl\/wp-content\/uploads\/2022\/02\/pg_poziome_logo_kolor-e1645169725618-1024x341.png\" alt=\"\" class=\"wp-image-380\" srcset=\"https:\/\/upturn.site\/pl\/wp-content\/uploads\/2022\/02\/pg_poziome_logo_kolor-e1645169725618-1024x341.png 1024w, https:\/\/upturn.site\/pl\/wp-content\/uploads\/2022\/02\/pg_poziome_logo_kolor-e1645169725618-300x100.png 300w, https:\/\/upturn.site\/pl\/wp-content\/uploads\/2022\/02\/pg_poziome_logo_kolor-e1645169725618-768x256.png 768w, https:\/\/upturn.site\/pl\/wp-content\/uploads\/2022\/02\/pg_poziome_logo_kolor-e1645169725618-1536x512.png 1536w, https:\/\/upturn.site\/pl\/wp-content\/uploads\/2022\/02\/pg_poziome_logo_kolor-e1645169725618.png 1651w\" sizes=\"(max-width: 1024px) 100vw, 1024px\" \/><\/figure>\n<\/div>\n\n\n\n<div class=\"wp-block-column is-vertically-aligned-center is-layout-flow wp-block-column-is-layout-flow\">\n<figure class=\"wp-block-image size-large\"><img loading=\"lazy\" decoding=\"async\" width=\"1024\" height=\"320\" src=\"https:\/\/upturn.site\/pl\/wp-content\/uploads\/2022\/02\/ICHF_LOGO_CMYK_PL-1024x320.png\" alt=\"ICHF_LOGO_PL\" class=\"wp-image-377\" srcset=\"https:\/\/upturn.site\/pl\/wp-content\/uploads\/2022\/02\/ICHF_LOGO_CMYK_PL-1024x320.png 1024w, https:\/\/upturn.site\/pl\/wp-content\/uploads\/2022\/02\/ICHF_LOGO_CMYK_PL-300x94.png 300w, https:\/\/upturn.site\/pl\/wp-content\/uploads\/2022\/02\/ICHF_LOGO_CMYK_PL-768x240.png 768w, https:\/\/upturn.site\/pl\/wp-content\/uploads\/2022\/02\/ICHF_LOGO_CMYK_PL-1536x480.png 1536w, https:\/\/upturn.site\/pl\/wp-content\/uploads\/2022\/02\/ICHF_LOGO_CMYK_PL-2048x640.png 2048w\" sizes=\"(max-width: 1024px) 100vw, 1024px\" \/><\/figure>\n<\/div>\n<\/div>\n\n\n\n<div style=\"height:37px\" aria-hidden=\"true\" class=\"wp-block-spacer\"><\/div>\n\n\n\n<hr class=\"wp-block-separator has-css-opacity is-style-wide\"\/>\n\n\n\n<p>Projekt &#8222;Elektrochemiczne cele mikroprzep\u0142ywowe do wysokoprzepustowej i wieloparametrycznej analizy&#8221; o akronimie UPTURN, korzysta z dofinansowania otrzymanego w ramach <a rel=\"noreferrer noopener\" href=\"http:\/\/norwaygrants.org\" data-type=\"URL\" data-id=\"norwaygrants.org\" target=\"_blank\">Funduszy Norweskich<\/a>.<\/p>\n","protected":false},"excerpt":{"rendered":"<p>&#8222;Elektrochemiczne cele mikroprzep\u0142ywowe do wysokoprzepustowej i wieloparametrycznej analizy&#8221; Celem projektu UPTURN jest opracowanie pierwszego w swoim rodzaju, wieloparametrycznego oprzyrz\u0105dowania integruj\u0105cego mikroprzep\u0142ywowe ogniwa elektrochemiczne i zaawansowane materia\u0142y mikroelektrodowe kompatybilne z innymi technologiami analiz in situ, takimi jak UV-Vis, FTIR\/IR, Raman, NMR i ultraszybka spektroskopia laserowa.G\u0142\u00f3wn\u0105 wizj\u0105 jest opracowanie pot\u0119\u017cnego, ale elastycznego narz\u0119dzia badawczego, kt\u00f3re jest otwarte&#8230;<\/p>\n","protected":false},"author":1,"featured_media":0,"parent":0,"menu_order":0,"comment_status":"closed","ping_status":"closed","template":"","meta":{"_kad_post_transparent":"default","_kad_post_title":"default","_kad_post_layout":"normal","_kad_post_sidebar_id":"","_kad_post_content_style":"","_kad_post_vertical_padding":"","_kad_post_feature":"","_kad_post_feature_position":"","_kad_post_header":false,"_kad_post_footer":false,"footnotes":""},"_links":{"self":[{"href":"https:\/\/upturn.site\/pl\/wp-json\/wp\/v2\/pages\/39"}],"collection":[{"href":"https:\/\/upturn.site\/pl\/wp-json\/wp\/v2\/pages"}],"about":[{"href":"https:\/\/upturn.site\/pl\/wp-json\/wp\/v2\/types\/page"}],"author":[{"embeddable":true,"href":"https:\/\/upturn.site\/pl\/wp-json\/wp\/v2\/users\/1"}],"replies":[{"embeddable":true,"href":"https:\/\/upturn.site\/pl\/wp-json\/wp\/v2\/comments?post=39"}],"version-history":[{"count":43,"href":"https:\/\/upturn.site\/pl\/wp-json\/wp\/v2\/pages\/39\/revisions"}],"predecessor-version":[{"id":609,"href":"https:\/\/upturn.site\/pl\/wp-json\/wp\/v2\/pages\/39\/revisions\/609"}],"wp:attachment":[{"href":"https:\/\/upturn.site\/pl\/wp-json\/wp\/v2\/media?parent=39"}],"curies":[{"name":"wp","href":"https:\/\/api.w.org\/{rel}","templated":true}]}}